{"id":17458,"date":"2024-05-08T16:39:26","date_gmt":"2024-05-08T15:39:26","guid":{"rendered":"https:\/\/sitemodal.com\/models\/1020\/?page_id=17458"},"modified":"2024-05-08T16:41:13","modified_gmt":"2024-05-08T15:41:13","slug":"quem-somos","status":"publish","type":"page","link":"https:\/\/sitemodal.com\/models\/1020\/br\/quem-somos\/","title":{"rendered":"Quem somos"},"content":{"rendered":"\t\t<div data-elementor-type=\"wp-page\" data-elementor-id=\"17458\" class=\"elementor elementor-17458\">\n\t\t\t\t\t\t<section class=\"elementor-section elementor-top-section elementor-element elementor-element-27ef92d10 elementor-section-boxed elementor-section-height-default elementor-section-height-default wpr-particle-no wpr-jarallax-no wpr-parallax-no wpr-sticky-section-no\" data-id=\"27ef92d10\" data-element_type=\"section\" data-settings=\"{&quot;background_background&quot;:&quot;classic&quot;}\">\n\t\t\t\t\t\t\t<div class=\"elementor-background-overlay\"><\/div>\n\t\t\t\t\t\t\t<div class=\"elementor-container elementor-column-gap-default\">\n\t\t\t\t\t<div class=\"elementor-column elementor-col-100 elementor-top-column elementor-element elementor-element-b15c61d\" data-id=\"b15c61d\" data-element_type=\"column\">\n\t\t\t<div class=\"elementor-widget-wrap elementor-element-populated\">\n\t\t\t\t\t\t<div class=\"elementor-element elementor-element-5eccfd82 elementor-widget elementor-widget-heading\" data-id=\"5eccfd82\" data-element_type=\"widget\" data-widget_type=\"heading.default\">\n\t\t\t\t<div class=\"elementor-widget-container\">\n\t\t\t<h2 class=\"elementor-heading-title elementor-size-default\">Quem somos<\/h2>\t\t<\/div>\n\t\t\t\t<\/div>\n\t\t\t\t\t<\/div>\n\t\t<\/div>\n\t\t\t\t\t<\/div>\n\t\t<\/section>\n\t\t\t\t<section class=\"elementor-section elementor-top-section elementor-element elementor-element-7bb342f elementor-section-boxed elementor-section-height-default elementor-section-height-default wpr-particle-no wpr-jarallax-no wpr-parallax-no wpr-sticky-section-no\" data-id=\"7bb342f\" data-element_type=\"section\">\n\t\t\t\t\t\t<div class=\"elementor-container elementor-column-gap-default\">\n\t\t\t\t\t<div class=\"elementor-column elementor-col-50 elementor-top-column elementor-element elementor-element-78d1352d\" data-id=\"78d1352d\" data-element_type=\"column\">\n\t\t\t<div class=\"elementor-widget-wrap elementor-element-populated\">\n\t\t\t\t\t\t<div class=\"elementor-element elementor-element-2e0b7f6a elementor-widget elementor-widget-heading\" data-id=\"2e0b7f6a\" data-element_type=\"widget\" data-widget_type=\"heading.default\">\n\t\t\t\t<div class=\"elementor-widget-container\">\n\t\t\t<h2 class=\"elementor-heading-title elementor-size-default\">Conte-nos um pouco sobre sua escola<\/h2>\t\t<\/div>\n\t\t\t\t<\/div>\n\t\t\t\t<div class=\"elementor-element elementor-element-5c4359cb elementor-widget-divider--view-line elementor-widget elementor-widget-divider\" data-id=\"5c4359cb\" data-element_type=\"widget\" data-widget_type=\"divider.default\">\n\t\t\t\t<div class=\"elementor-widget-container\">\n\t\t\t\t\t<div class=\"elementor-divider\">\n\t\t\t<span class=\"elementor-divider-separator\">\n\t\t\t\t\t\t<\/span>\n\t\t<\/div>\n\t\t\t\t<\/div>\n\t\t\t\t<\/div>\n\t\t\t\t<div class=\"elementor-element elementor-element-1aaef07d elementor-widget elementor-widget-text-editor\" data-id=\"1aaef07d\" data-element_type=\"widget\" data-widget_type=\"text-editor.default\">\n\t\t\t\t<div class=\"elementor-widget-container\">\n\t\t\t\t\t\t\t<p>Bem vindo a nossa escola! Somos uma comunidade de alunos apaixonados pela educa\u00e7\u00e3o e dedicados a ajudar nossos alunos a atingir seu pleno potencial. Nossa escola est\u00e1 comprometida em fornecer um ambiente seguro e estimulante onde os alunos possam crescer academicamente, socialmente e emocionalmente.<\/p>\t\t\t\t\t\t<\/div>\n\t\t\t\t<\/div>\n\t\t\t\t\t<\/div>\n\t\t<\/div>\n\t\t\t\t<div class=\"elementor-column elementor-col-50 elementor-top-column elementor-element elementor-element-ac6d77b\" data-id=\"ac6d77b\" data-element_type=\"column\">\n\t\t\t<div class=\"elementor-widget-wrap elementor-element-populated\">\n\t\t\t\t\t\t<div class=\"elementor-element elementor-element-7427b62b elementor-widget elementor-widget-image\" data-id=\"7427b62b\" data-element_type=\"widget\" data-widget_type=\"image.default\">\n\t\t\t\t<div class=\"elementor-widget-container\">\n\t\t\t\t\t\t\t\t\t\t\t\t\t<img fetchpriority=\"high\" decoding=\"async\" width=\"1024\" height=\"684\" src=\"https:\/\/sitemodal.com\/models\/1020\/wp-content\/uploads\/2023\/07\/graduation-take-black-yellow-tassel-front-bokeh-blurry-background-1024x684.jpg\" class=\"attachment-large size-large wp-image-15957\" alt=\"\" srcset=\"https:\/\/sitemodal.com\/models\/1020\/wp-content\/uploads\/2023\/07\/graduation-take-black-yellow-tassel-front-bokeh-blurry-background-1024x684.jpg 1024w, https:\/\/sitemodal.com\/models\/1020\/wp-content\/uploads\/2023\/07\/graduation-take-black-yellow-tassel-front-bokeh-blurry-background-scaled-600x401.jpg 600w, https:\/\/sitemodal.com\/models\/1020\/wp-content\/uploads\/2023\/07\/graduation-take-black-yellow-tassel-front-bokeh-blurry-background-300x200.jpg 300w, https:\/\/sitemodal.com\/models\/1020\/wp-content\/uploads\/2023\/07\/graduation-take-black-yellow-tassel-front-bokeh-blurry-background-768x513.jpg 768w, https:\/\/sitemodal.com\/models\/1020\/wp-content\/uploads\/2023\/07\/graduation-take-black-yellow-tassel-front-bokeh-blurry-background-1536x1025.jpg 1536w\" sizes=\"(max-width: 1024px) 100vw, 1024px\" \/>\t\t\t\t\t\t\t\t\t\t\t\t\t<\/div>\n\t\t\t\t<\/div>\n\t\t\t\t\t<\/div>\n\t\t<\/div>\n\t\t\t\t\t<\/div>\n\t\t<\/section>\n\t\t\t\t<\/div>\n\t\t","protected":false},"excerpt":{"rendered":"<p>Quem somos Conte-nos um pouco sobre sua escola Bem vindo a nossa escola! Somos uma comunidade de alunos apaixonados pela educa\u00e7\u00e3o e dedicados a ajudar nossos alunos a atingir seu pleno potencial. Nossa escola est\u00e1 comprometida em fornecer um ambiente seguro e estimulante onde os alunos possam crescer academicamente, socialmente e emocionalmente.<\/p>\n","protected":false},"author":1,"featured_media":0,"parent":0,"menu_order":0,"comment_status":"closed","ping_status":"closed","template":"elementor_header_footer","meta":{"footnotes":""},"class_list":["post-17458","page","type-page","status-publish","hentry"],"yoast_head":"<!-- This site is optimized with the Yoast SEO plugin v23.9 - https:\/\/yoast.com\/wordpress\/plugins\/seo\/ -->\n<title>Quem somos - Escola Arco-\u00cdris<\/title>\n<meta name=\"robots\" content=\"noindex, follow, max-snippet:-1, max-image-preview:large, max-video-preview:-1\" \/>\n<meta property=\"og:locale\" content=\"en_US\" \/>\n<meta property=\"og:type\" content=\"article\" \/>\n<meta property=\"og:title\" content=\"Quem somos - Escola Arco-\u00cdris\" \/>\n<meta property=\"og:description\" content=\"Quem somos Conte-nos um pouco sobre sua escola Bem vindo a nossa escola! Somos uma comunidade de alunos apaixonados pela educa\u00e7\u00e3o e dedicados a ajudar nossos alunos a atingir seu pleno potencial. Nossa escola est\u00e1 comprometida em fornecer um ambiente seguro e estimulante onde os alunos possam crescer academicamente, socialmente e emocionalmente.\" \/>\n<meta property=\"og:url\" content=\"https:\/\/sitemodal.com\/models\/1020\/br\/quem-somos\/\" \/>\n<meta property=\"og:site_name\" content=\"Escola Arco-\u00cdris\" \/>\n<meta property=\"article:modified_time\" content=\"2024-05-08T15:41:13+00:00\" \/>\n<meta property=\"og:image\" content=\"http:\/\/sitemodal.com\/models\/1020\/wp-content\/uploads\/2023\/07\/graduation-take-black-yellow-tassel-front-bokeh-blurry-background-1024x684.jpg\" \/>\n<meta name=\"twitter:card\" content=\"summary_large_image\" \/>\n<meta name=\"twitter:label1\" content=\"Est. reading time\" \/>\n\t<meta name=\"twitter:data1\" content=\"1 minute\" \/>\n<script type=\"application\/ld+json\" class=\"yoast-schema-graph\">{\"@context\":\"https:\/\/schema.org\",\"@graph\":[{\"@type\":\"WebPage\",\"@id\":\"https:\/\/sitemodal.com\/models\/1020\/br\/quem-somos\/\",\"url\":\"https:\/\/sitemodal.com\/models\/1020\/br\/quem-somos\/\",\"name\":\"Quem somos - Escola Arco-\u00cdris\",\"isPartOf\":{\"@id\":\"https:\/\/sitemodal.com\/models\/1020\/#website\"},\"primaryImageOfPage\":{\"@id\":\"https:\/\/sitemodal.com\/models\/1020\/br\/quem-somos\/#primaryimage\"},\"image\":{\"@id\":\"https:\/\/sitemodal.com\/models\/1020\/br\/quem-somos\/#primaryimage\"},\"thumbnailUrl\":\"http:\/\/sitemodal.com\/models\/1020\/wp-content\/uploads\/2023\/07\/graduation-take-black-yellow-tassel-front-bokeh-blurry-background-1024x684.jpg\",\"datePublished\":\"2024-05-08T15:39:26+00:00\",\"dateModified\":\"2024-05-08T15:41:13+00:00\",\"breadcrumb\":{\"@id\":\"https:\/\/sitemodal.com\/models\/1020\/br\/quem-somos\/#breadcrumb\"},\"inLanguage\":\"en-CA\",\"potentialAction\":[{\"@type\":\"ReadAction\",\"target\":[\"https:\/\/sitemodal.com\/models\/1020\/br\/quem-somos\/\"]}]},{\"@type\":\"ImageObject\",\"inLanguage\":\"en-CA\",\"@id\":\"https:\/\/sitemodal.com\/models\/1020\/br\/quem-somos\/#primaryimage\",\"url\":\"https:\/\/sitemodal.com\/models\/1020\/wp-content\/uploads\/2023\/07\/graduation-take-black-yellow-tassel-front-bokeh-blurry-background-scaled.jpg\",\"contentUrl\":\"https:\/\/sitemodal.com\/models\/1020\/wp-content\/uploads\/2023\/07\/graduation-take-black-yellow-tassel-front-bokeh-blurry-background-scaled.jpg\",\"width\":2560,\"height\":1709,\"caption\":\"Graduation take a black yellow tassel in front of bokeh blurry background.\"},{\"@type\":\"BreadcrumbList\",\"@id\":\"https:\/\/sitemodal.com\/models\/1020\/br\/quem-somos\/#breadcrumb\",\"itemListElement\":[{\"@type\":\"ListItem\",\"position\":1,\"name\":\"Home\",\"item\":\"https:\/\/sitemodal.com\/models\/1020\/\"},{\"@type\":\"ListItem\",\"position\":2,\"name\":\"Quem somos\"}]},{\"@type\":\"WebSite\",\"@id\":\"https:\/\/sitemodal.com\/models\/1020\/#website\",\"url\":\"https:\/\/sitemodal.com\/models\/1020\/\",\"name\":\"Escola Arco-\u00cdris\",\"description\":\"Seu site perfeito com a CRIAZI\",\"potentialAction\":[{\"@type\":\"SearchAction\",\"target\":{\"@type\":\"EntryPoint\",\"urlTemplate\":\"https:\/\/sitemodal.com\/models\/1020\/?s={search_term_string}\"},\"query-input\":{\"@type\":\"PropertyValueSpecification\",\"valueRequired\":true,\"valueName\":\"search_term_string\"}}],\"inLanguage\":\"en-CA\"}]}<\/script>\n<!-- \/ Yoast SEO plugin. -->","yoast_head_json":{"title":"Quem somos - Escola Arco-\u00cdris","robots":{"index":"noindex","follow":"follow","max-snippet":"max-snippet:-1","max-image-preview":"max-image-preview:large","max-video-preview":"max-video-preview:-1"},"og_locale":"en_US","og_type":"article","og_title":"Quem somos - Escola Arco-\u00cdris","og_description":"Quem somos Conte-nos um pouco sobre sua escola Bem vindo a nossa escola! Somos uma comunidade de alunos apaixonados pela educa\u00e7\u00e3o e dedicados a ajudar nossos alunos a atingir seu pleno potencial. Nossa escola est\u00e1 comprometida em fornecer um ambiente seguro e estimulante onde os alunos possam crescer academicamente, socialmente e emocionalmente.","og_url":"https:\/\/sitemodal.com\/models\/1020\/br\/quem-somos\/","og_site_name":"Escola Arco-\u00cdris","article_modified_time":"2024-05-08T15:41:13+00:00","og_image":[{"url":"http:\/\/sitemodal.com\/models\/1020\/wp-content\/uploads\/2023\/07\/graduation-take-black-yellow-tassel-front-bokeh-blurry-background-1024x684.jpg"}],"twitter_card":"summary_large_image","twitter_misc":{"Est. reading time":"1 minute"},"schema":{"@context":"https:\/\/schema.org","@graph":[{"@type":"WebPage","@id":"https:\/\/sitemodal.com\/models\/1020\/br\/quem-somos\/","url":"https:\/\/sitemodal.com\/models\/1020\/br\/quem-somos\/","name":"Quem somos - Escola Arco-\u00cdris","isPartOf":{"@id":"https:\/\/sitemodal.com\/models\/1020\/#website"},"primaryImageOfPage":{"@id":"https:\/\/sitemodal.com\/models\/1020\/br\/quem-somos\/#primaryimage"},"image":{"@id":"https:\/\/sitemodal.com\/models\/1020\/br\/quem-somos\/#primaryimage"},"thumbnailUrl":"http:\/\/sitemodal.com\/models\/1020\/wp-content\/uploads\/2023\/07\/graduation-take-black-yellow-tassel-front-bokeh-blurry-background-1024x684.jpg","datePublished":"2024-05-08T15:39:26+00:00","dateModified":"2024-05-08T15:41:13+00:00","breadcrumb":{"@id":"https:\/\/sitemodal.com\/models\/1020\/br\/quem-somos\/#breadcrumb"},"inLanguage":"en-CA","potentialAction":[{"@type":"ReadAction","target":["https:\/\/sitemodal.com\/models\/1020\/br\/quem-somos\/"]}]},{"@type":"ImageObject","inLanguage":"en-CA","@id":"https:\/\/sitemodal.com\/models\/1020\/br\/quem-somos\/#primaryimage","url":"https:\/\/sitemodal.com\/models\/1020\/wp-content\/uploads\/2023\/07\/graduation-take-black-yellow-tassel-front-bokeh-blurry-background-scaled.jpg","contentUrl":"https:\/\/sitemodal.com\/models\/1020\/wp-content\/uploads\/2023\/07\/graduation-take-black-yellow-tassel-front-bokeh-blurry-background-scaled.jpg","width":2560,"height":1709,"caption":"Graduation take a black yellow tassel in front of bokeh blurry background."},{"@type":"BreadcrumbList","@id":"https:\/\/sitemodal.com\/models\/1020\/br\/quem-somos\/#breadcrumb","itemListElement":[{"@type":"ListItem","position":1,"name":"Home","item":"https:\/\/sitemodal.com\/models\/1020\/"},{"@type":"ListItem","position":2,"name":"Quem somos"}]},{"@type":"WebSite","@id":"https:\/\/sitemodal.com\/models\/1020\/#website","url":"https:\/\/sitemodal.com\/models\/1020\/","name":"Escola Arco-\u00cdris","description":"Seu site perfeito com a CRIAZI","potentialAction":[{"@type":"SearchAction","target":{"@type":"EntryPoint","urlTemplate":"https:\/\/sitemodal.com\/models\/1020\/?s={search_term_string}"},"query-input":{"@type":"PropertyValueSpecification","valueRequired":true,"valueName":"search_term_string"}}],"inLanguage":"en-CA"}]}},"_links":{"self":[{"href":"https:\/\/sitemodal.com\/models\/1020\/wp-json\/wp\/v2\/pages\/17458","targetHints":{"allow":["GET"]}}],"collection":[{"href":"https:\/\/sitemodal.com\/models\/1020\/wp-json\/wp\/v2\/pages"}],"about":[{"href":"https:\/\/sitemodal.com\/models\/1020\/wp-json\/wp\/v2\/types\/page"}],"author":[{"embeddable":true,"href":"https:\/\/sitemodal.com\/models\/1020\/wp-json\/wp\/v2\/users\/1"}],"replies":[{"embeddable":true,"href":"https:\/\/sitemodal.com\/models\/1020\/wp-json\/wp\/v2\/comments?post=17458"}],"version-history":[{"count":0,"href":"https:\/\/sitemodal.com\/models\/1020\/wp-json\/wp\/v2\/pages\/17458\/revisions"}],"wp:attachment":[{"href":"https:\/\/sitemodal.com\/models\/1020\/wp-json\/wp\/v2\/media?parent=17458"}],"curies":[{"name":"wp","href":"https:\/\/api.w.org\/{rel}","templated":true}]}}