{"id":17503,"date":"2024-05-08T17:00:56","date_gmt":"2024-05-08T16:00:56","guid":{"rendered":"https:\/\/sitemodal.com\/models\/1020\/?page_id=17503"},"modified":"2024-05-08T17:02:25","modified_gmt":"2024-05-08T16:02:25","slug":"faq-2","status":"publish","type":"page","link":"https:\/\/sitemodal.com\/models\/1020\/br\/faq-2\/","title":{"rendered":"FAQ"},"content":{"rendered":"\t\t<div data-elementor-type=\"wp-page\" data-elementor-id=\"17503\" class=\"elementor elementor-17503\">\n\t\t\t\t\t\t<section class=\"elementor-section elementor-top-section elementor-element elementor-element-ab9bbd4 elementor-section-boxed elementor-section-height-default elementor-section-height-default wpr-particle-no wpr-jarallax-no wpr-parallax-no wpr-sticky-section-no\" data-id=\"ab9bbd4\" data-element_type=\"section\" data-settings=\"{&quot;background_background&quot;:&quot;classic&quot;}\">\n\t\t\t\t\t\t\t<div class=\"elementor-background-overlay\"><\/div>\n\t\t\t\t\t\t\t<div class=\"elementor-container elementor-column-gap-default\">\n\t\t\t\t\t<div class=\"elementor-column elementor-col-100 elementor-top-column elementor-element elementor-element-789953f\" data-id=\"789953f\" data-element_type=\"column\">\n\t\t\t<div class=\"elementor-widget-wrap elementor-element-populated\">\n\t\t\t\t\t\t<div class=\"elementor-element elementor-element-14821b8 elementor-widget elementor-widget-heading\" data-id=\"14821b8\" data-element_type=\"widget\" data-widget_type=\"heading.default\">\n\t\t\t\t<div class=\"elementor-widget-container\">\n\t\t\t<h2 class=\"elementor-heading-title elementor-size-default\">FAQ <\/h2>\t\t<\/div>\n\t\t\t\t<\/div>\n\t\t\t\t\t<\/div>\n\t\t<\/div>\n\t\t\t\t\t<\/div>\n\t\t<\/section>\n\t\t\t\t<section class=\"elementor-section elementor-top-section elementor-element elementor-element-e6b6e74 elementor-section-boxed elementor-section-height-default elementor-section-height-default wpr-particle-no wpr-jarallax-no wpr-parallax-no wpr-sticky-section-no\" data-id=\"e6b6e74\" data-element_type=\"section\">\n\t\t\t\t\t\t<div class=\"elementor-container elementor-column-gap-default\">\n\t\t\t\t\t<div class=\"elementor-column elementor-col-100 elementor-top-column elementor-element elementor-element-b15e010\" data-id=\"b15e010\" data-element_type=\"column\">\n\t\t\t<div class=\"elementor-widget-wrap elementor-element-populated\">\n\t\t\t\t\t\t<div class=\"elementor-element elementor-element-1fbb1e9 elementor-widget elementor-widget-heading\" data-id=\"1fbb1e9\" data-element_type=\"widget\" data-widget_type=\"heading.default\">\n\t\t\t\t<div class=\"elementor-widget-container\">\n\t\t\t<h3 class=\"elementor-heading-title elementor-size-default\">Perguntas Frequentes<\/h3>\t\t<\/div>\n\t\t\t\t<\/div>\n\t\t\t\t<div class=\"elementor-element elementor-element-b447f23 elementor-widget elementor-widget-accordion\" data-id=\"b447f23\" data-element_type=\"widget\" data-widget_type=\"accordion.default\">\n\t\t\t\t<div class=\"elementor-widget-container\">\n\t\t\t\t\t<div class=\"elementor-accordion\">\n\t\t\t\t\t\t\t<div class=\"elementor-accordion-item\">\n\t\t\t\t\t<div id=\"elementor-tab-title-1891\" class=\"elementor-tab-title\" data-tab=\"1\" role=\"button\" aria-controls=\"elementor-tab-content-1891\" aria-expanded=\"false\">\n\t\t\t\t\t\t\t\t\t\t\t\t\t<span class=\"elementor-accordion-icon elementor-accordion-icon-right\" aria-hidden=\"true\">\n\t\t\t\t\t\t\t\t\t\t\t\t\t\t\t<span class=\"elementor-accordion-icon-closed\"><svg class=\"e-font-icon-svg e-fas-angle-down\" viewBox=\"0 0 320 512\" xmlns=\"http:\/\/www.w3.org\/2000\/svg\"><path d=\"M143 352.3L7 216.3c-9.4-9.4-9.4-24.6 0-33.9l22.6-22.6c9.4-9.4 24.6-9.4 33.9 0l96.4 96.4 96.4-96.4c9.4-9.4 24.6-9.4 33.9 0l22.6 22.6c9.4 9.4 9.4 24.6 0 33.9l-136 136c-9.2 9.4-24.4 9.4-33.8 0z\"><\/path><\/svg><\/span>\n\t\t\t\t\t\t\t\t<span class=\"elementor-accordion-icon-opened\"><svg class=\"e-font-icon-svg e-fas-angle-up\" viewBox=\"0 0 320 512\" xmlns=\"http:\/\/www.w3.org\/2000\/svg\"><path d=\"M177 159.7l136 136c9.4 9.4 9.4 24.6 0 33.9l-22.6 22.6c-9.4 9.4-24.6 9.4-33.9 0L160 255.9l-96.4 96.4c-9.4 9.4-24.6 9.4-33.9 0L7 329.7c-9.4-9.4-9.4-24.6 0-33.9l136-136c9.4-9.5 24.6-9.5 34-.1z\"><\/path><\/svg><\/span>\n\t\t\t\t\t\t\t\t\t\t\t\t\t\t<\/span>\n\t\t\t\t\t\t\t\t\t\t\t\t<a class=\"elementor-accordion-title\" tabindex=\"0\">01. Use esses itens para remover obje\u00e7\u00f5es do cliente.<\/a>\n\t\t\t\t\t<\/div>\n\t\t\t\t\t<div id=\"elementor-tab-content-1891\" class=\"elementor-tab-content elementor-clearfix\" data-tab=\"1\" role=\"region\" aria-labelledby=\"elementor-tab-title-1891\"><p>Aqui voc\u00ea utiliza perguntas e respostas para superar preocupa\u00e7\u00f5es e resist\u00eancias por meio de argumentos convincentes, esclarecimentos e provas sociais para ajudar o cliente a tomar uma decis\u00e3o informada e avan\u00e7ar no processo de compra.<\/p><\/div>\n\t\t\t\t<\/div>\n\t\t\t\t\t\t\t<div class=\"elementor-accordion-item\">\n\t\t\t\t\t<div id=\"elementor-tab-title-1892\" class=\"elementor-tab-title\" data-tab=\"2\" role=\"button\" aria-controls=\"elementor-tab-content-1892\" aria-expanded=\"false\">\n\t\t\t\t\t\t\t\t\t\t\t\t\t<span class=\"elementor-accordion-icon elementor-accordion-icon-right\" aria-hidden=\"true\">\n\t\t\t\t\t\t\t\t\t\t\t\t\t\t\t<span class=\"elementor-accordion-icon-closed\"><svg class=\"e-font-icon-svg e-fas-angle-down\" viewBox=\"0 0 320 512\" xmlns=\"http:\/\/www.w3.org\/2000\/svg\"><path d=\"M143 352.3L7 216.3c-9.4-9.4-9.4-24.6 0-33.9l22.6-22.6c9.4-9.4 24.6-9.4 33.9 0l96.4 96.4 96.4-96.4c9.4-9.4 24.6-9.4 33.9 0l22.6 22.6c9.4 9.4 9.4 24.6 0 33.9l-136 136c-9.2 9.4-24.4 9.4-33.8 0z\"><\/path><\/svg><\/span>\n\t\t\t\t\t\t\t\t<span class=\"elementor-accordion-icon-opened\"><svg class=\"e-font-icon-svg e-fas-angle-up\" viewBox=\"0 0 320 512\" xmlns=\"http:\/\/www.w3.org\/2000\/svg\"><path d=\"M177 159.7l136 136c9.4 9.4 9.4 24.6 0 33.9l-22.6 22.6c-9.4 9.4-24.6 9.4-33.9 0L160 255.9l-96.4 96.4c-9.4 9.4-24.6 9.4-33.9 0L7 329.7c-9.4-9.4-9.4-24.6 0-33.9l136-136c9.4-9.5 24.6-9.5 34-.1z\"><\/path><\/svg><\/span>\n\t\t\t\t\t\t\t\t\t\t\t\t\t\t<\/span>\n\t\t\t\t\t\t\t\t\t\t\t\t<a class=\"elementor-accordion-title\" tabindex=\"0\">02. Organize as perguntas<\/a>\n\t\t\t\t\t<\/div>\n\t\t\t\t\t<div id=\"elementor-tab-content-1892\" class=\"elementor-tab-content elementor-clearfix\" data-tab=\"2\" role=\"region\" aria-labelledby=\"elementor-tab-title-1892\"><p>Liste as quest\u00f5es de forma clara e objetiva, agrupando-as por categorias ou temas relevantes. Responda de forma concisa: d\u00ea respostas curtas, claras e diretas a cada quest\u00e3o, evitando informa\u00e7\u00f5es desnecess\u00e1rias.<\/p><\/div>\n\t\t\t\t<\/div>\n\t\t\t\t\t\t\t<div class=\"elementor-accordion-item\">\n\t\t\t\t\t<div id=\"elementor-tab-title-1893\" class=\"elementor-tab-title\" data-tab=\"3\" role=\"button\" aria-controls=\"elementor-tab-content-1893\" aria-expanded=\"false\">\n\t\t\t\t\t\t\t\t\t\t\t\t\t<span class=\"elementor-accordion-icon elementor-accordion-icon-right\" aria-hidden=\"true\">\n\t\t\t\t\t\t\t\t\t\t\t\t\t\t\t<span class=\"elementor-accordion-icon-closed\"><svg class=\"e-font-icon-svg e-fas-angle-down\" viewBox=\"0 0 320 512\" xmlns=\"http:\/\/www.w3.org\/2000\/svg\"><path d=\"M143 352.3L7 216.3c-9.4-9.4-9.4-24.6 0-33.9l22.6-22.6c9.4-9.4 24.6-9.4 33.9 0l96.4 96.4 96.4-96.4c9.4-9.4 24.6-9.4 33.9 0l22.6 22.6c9.4 9.4 9.4 24.6 0 33.9l-136 136c-9.2 9.4-24.4 9.4-33.8 0z\"><\/path><\/svg><\/span>\n\t\t\t\t\t\t\t\t<span class=\"elementor-accordion-icon-opened\"><svg class=\"e-font-icon-svg e-fas-angle-up\" viewBox=\"0 0 320 512\" xmlns=\"http:\/\/www.w3.org\/2000\/svg\"><path d=\"M177 159.7l136 136c9.4 9.4 9.4 24.6 0 33.9l-22.6 22.6c-9.4 9.4-24.6 9.4-33.9 0L160 255.9l-96.4 96.4c-9.4 9.4-24.6 9.4-33.9 0L7 329.7c-9.4-9.4-9.4-24.6 0-33.9l136-136c9.4-9.5 24.6-9.5 34-.1z\"><\/path><\/svg><\/span>\n\t\t\t\t\t\t\t\t\t\t\t\t\t\t<\/span>\n\t\t\t\t\t\t\t\t\t\t\t\t<a class=\"elementor-accordion-title\" tabindex=\"0\">03. Mantenha-se atualizado<\/a>\n\t\t\t\t\t<\/div>\n\t\t\t\t\t<div id=\"elementor-tab-content-1893\" class=\"elementor-tab-content elementor-clearfix\" data-tab=\"3\" role=\"region\" aria-labelledby=\"elementor-tab-title-1893\"><p>Revise e atualize regularmente as perguntas e respostas para garantir que estejam alinhadas com as necessidades e mudan\u00e7as.<\/p><\/div>\n\t\t\t\t<\/div>\n\t\t\t\t\t\t\t\t<\/div>\n\t\t\t\t<\/div>\n\t\t\t\t<\/div>\n\t\t\t\t\t<\/div>\n\t\t<\/div>\n\t\t\t\t\t<\/div>\n\t\t<\/section>\n\t\t\t\t<\/div>\n\t\t","protected":false},"excerpt":{"rendered":"<p>FAQ Perguntas Frequentes 01. Use esses itens para remover obje\u00e7\u00f5es do cliente. Aqui voc\u00ea utiliza perguntas e respostas para superar preocupa\u00e7\u00f5es e resist\u00eancias por meio de argumentos convincentes, esclarecimentos e provas sociais para ajudar o cliente a tomar uma decis\u00e3o informada e avan\u00e7ar no processo de compra. 02. Organize as perguntas Liste as quest\u00f5es de forma clara e objetiva, agrupando-as por categorias ou temas relevantes. Responda de forma concisa: d\u00ea respostas curtas, claras e diretas a cada quest\u00e3o, evitando informa\u00e7\u00f5es desnecess\u00e1rias. 03. Mantenha-se atualizado Revise e atualize regularmente as perguntas e respostas para garantir que estejam alinhadas com as necessidades e mudan\u00e7as.<\/p>\n","protected":false},"author":1,"featured_media":0,"parent":0,"menu_order":0,"comment_status":"closed","ping_status":"closed","template":"elementor_header_footer","meta":{"footnotes":""},"class_list":["post-17503","page","type-page","status-publish","hentry"],"yoast_head":"<!-- This site is optimized with the Yoast SEO plugin v23.9 - https:\/\/yoast.com\/wordpress\/plugins\/seo\/ -->\n<title>FAQ - Escola Arco-\u00cdris<\/title>\n<meta name=\"robots\" content=\"noindex, follow, max-snippet:-1, max-image-preview:large, max-video-preview:-1\" \/>\n<meta property=\"og:locale\" content=\"en_US\" \/>\n<meta property=\"og:type\" content=\"article\" \/>\n<meta property=\"og:title\" content=\"FAQ - Escola Arco-\u00cdris\" \/>\n<meta property=\"og:description\" content=\"FAQ Perguntas Frequentes 01. Use esses itens para remover obje\u00e7\u00f5es do cliente. Aqui voc\u00ea utiliza perguntas e respostas para superar preocupa\u00e7\u00f5es e resist\u00eancias por meio de argumentos convincentes, esclarecimentos e provas sociais para ajudar o cliente a tomar uma decis\u00e3o informada e avan\u00e7ar no processo de compra. 02. Organize as perguntas Liste as quest\u00f5es de forma clara e objetiva, agrupando-as por categorias ou temas relevantes. Responda de forma concisa: d\u00ea respostas curtas, claras e diretas a cada quest\u00e3o, evitando informa\u00e7\u00f5es desnecess\u00e1rias. 03. Mantenha-se atualizado Revise e atualize regularmente as perguntas e respostas para garantir que estejam alinhadas com as necessidades e mudan\u00e7as.\" \/>\n<meta property=\"og:url\" content=\"https:\/\/sitemodal.com\/models\/1020\/br\/faq-2\/\" \/>\n<meta property=\"og:site_name\" content=\"Escola Arco-\u00cdris\" \/>\n<meta property=\"article:modified_time\" content=\"2024-05-08T16:02:25+00:00\" \/>\n<meta name=\"twitter:card\" content=\"summary_large_image\" \/>\n<meta name=\"twitter:label1\" content=\"Est. reading time\" \/>\n\t<meta name=\"twitter:data1\" content=\"1 minute\" \/>\n<script type=\"application\/ld+json\" class=\"yoast-schema-graph\">{\"@context\":\"https:\/\/schema.org\",\"@graph\":[{\"@type\":\"WebPage\",\"@id\":\"https:\/\/sitemodal.com\/models\/1020\/br\/faq-2\/\",\"url\":\"https:\/\/sitemodal.com\/models\/1020\/br\/faq-2\/\",\"name\":\"FAQ - Escola Arco-\u00cdris\",\"isPartOf\":{\"@id\":\"https:\/\/sitemodal.com\/models\/1020\/#website\"},\"datePublished\":\"2024-05-08T16:00:56+00:00\",\"dateModified\":\"2024-05-08T16:02:25+00:00\",\"breadcrumb\":{\"@id\":\"https:\/\/sitemodal.com\/models\/1020\/br\/faq-2\/#breadcrumb\"},\"inLanguage\":\"en-CA\",\"potentialAction\":[{\"@type\":\"ReadAction\",\"target\":[\"https:\/\/sitemodal.com\/models\/1020\/br\/faq-2\/\"]}]},{\"@type\":\"BreadcrumbList\",\"@id\":\"https:\/\/sitemodal.com\/models\/1020\/br\/faq-2\/#breadcrumb\",\"itemListElement\":[{\"@type\":\"ListItem\",\"position\":1,\"name\":\"Home\",\"item\":\"https:\/\/sitemodal.com\/models\/1020\/\"},{\"@type\":\"ListItem\",\"position\":2,\"name\":\"FAQ\"}]},{\"@type\":\"WebSite\",\"@id\":\"https:\/\/sitemodal.com\/models\/1020\/#website\",\"url\":\"https:\/\/sitemodal.com\/models\/1020\/\",\"name\":\"Escola Arco-\u00cdris\",\"description\":\"Seu site perfeito com a CRIAZI\",\"potentialAction\":[{\"@type\":\"SearchAction\",\"target\":{\"@type\":\"EntryPoint\",\"urlTemplate\":\"https:\/\/sitemodal.com\/models\/1020\/?s={search_term_string}\"},\"query-input\":{\"@type\":\"PropertyValueSpecification\",\"valueRequired\":true,\"valueName\":\"search_term_string\"}}],\"inLanguage\":\"en-CA\"}]}<\/script>\n<!-- \/ Yoast SEO plugin. -->","yoast_head_json":{"title":"FAQ - Escola Arco-\u00cdris","robots":{"index":"noindex","follow":"follow","max-snippet":"max-snippet:-1","max-image-preview":"max-image-preview:large","max-video-preview":"max-video-preview:-1"},"og_locale":"en_US","og_type":"article","og_title":"FAQ - Escola Arco-\u00cdris","og_description":"FAQ Perguntas Frequentes 01. Use esses itens para remover obje\u00e7\u00f5es do cliente. Aqui voc\u00ea utiliza perguntas e respostas para superar preocupa\u00e7\u00f5es e resist\u00eancias por meio de argumentos convincentes, esclarecimentos e provas sociais para ajudar o cliente a tomar uma decis\u00e3o informada e avan\u00e7ar no processo de compra. 02. Organize as perguntas Liste as quest\u00f5es de forma clara e objetiva, agrupando-as por categorias ou temas relevantes. Responda de forma concisa: d\u00ea respostas curtas, claras e diretas a cada quest\u00e3o, evitando informa\u00e7\u00f5es desnecess\u00e1rias. 03. Mantenha-se atualizado Revise e atualize regularmente as perguntas e respostas para garantir que estejam alinhadas com as necessidades e mudan\u00e7as.","og_url":"https:\/\/sitemodal.com\/models\/1020\/br\/faq-2\/","og_site_name":"Escola Arco-\u00cdris","article_modified_time":"2024-05-08T16:02:25+00:00","twitter_card":"summary_large_image","twitter_misc":{"Est. reading time":"1 minute"},"schema":{"@context":"https:\/\/schema.org","@graph":[{"@type":"WebPage","@id":"https:\/\/sitemodal.com\/models\/1020\/br\/faq-2\/","url":"https:\/\/sitemodal.com\/models\/1020\/br\/faq-2\/","name":"FAQ - Escola Arco-\u00cdris","isPartOf":{"@id":"https:\/\/sitemodal.com\/models\/1020\/#website"},"datePublished":"2024-05-08T16:00:56+00:00","dateModified":"2024-05-08T16:02:25+00:00","breadcrumb":{"@id":"https:\/\/sitemodal.com\/models\/1020\/br\/faq-2\/#breadcrumb"},"inLanguage":"en-CA","potentialAction":[{"@type":"ReadAction","target":["https:\/\/sitemodal.com\/models\/1020\/br\/faq-2\/"]}]},{"@type":"BreadcrumbList","@id":"https:\/\/sitemodal.com\/models\/1020\/br\/faq-2\/#breadcrumb","itemListElement":[{"@type":"ListItem","position":1,"name":"Home","item":"https:\/\/sitemodal.com\/models\/1020\/"},{"@type":"ListItem","position":2,"name":"FAQ"}]},{"@type":"WebSite","@id":"https:\/\/sitemodal.com\/models\/1020\/#website","url":"https:\/\/sitemodal.com\/models\/1020\/","name":"Escola Arco-\u00cdris","description":"Seu site perfeito com a CRIAZI","potentialAction":[{"@type":"SearchAction","target":{"@type":"EntryPoint","urlTemplate":"https:\/\/sitemodal.com\/models\/1020\/?s={search_term_string}"},"query-input":{"@type":"PropertyValueSpecification","valueRequired":true,"valueName":"search_term_string"}}],"inLanguage":"en-CA"}]}},"_links":{"self":[{"href":"https:\/\/sitemodal.com\/models\/1020\/wp-json\/wp\/v2\/pages\/17503","targetHints":{"allow":["GET"]}}],"collection":[{"href":"https:\/\/sitemodal.com\/models\/1020\/wp-json\/wp\/v2\/pages"}],"about":[{"href":"https:\/\/sitemodal.com\/models\/1020\/wp-json\/wp\/v2\/types\/page"}],"author":[{"embeddable":true,"href":"https:\/\/sitemodal.com\/models\/1020\/wp-json\/wp\/v2\/users\/1"}],"replies":[{"embeddable":true,"href":"https:\/\/sitemodal.com\/models\/1020\/wp-json\/wp\/v2\/comments?post=17503"}],"version-history":[{"count":0,"href":"https:\/\/sitemodal.com\/models\/1020\/wp-json\/wp\/v2\/pages\/17503\/revisions"}],"wp:attachment":[{"href":"https:\/\/sitemodal.com\/models\/1020\/wp-json\/wp\/v2\/media?parent=17503"}],"curies":[{"name":"wp","href":"https:\/\/api.w.org\/{rel}","templated":true}]}}